{"id":19056,"date":"2025-03-14T15:48:49","date_gmt":"2025-03-14T14:48:49","guid":{"rendered":"https:\/\/www.tokuyama-dental.it\/?page_id=19056"},"modified":"2025-03-14T15:48:49","modified_gmt":"2025-03-14T14:48:49","slug":"collecte-de-donnees","status":"publish","type":"page","link":"https:\/\/www.tokuyama-dental.it\/fr\/collecte-de-donnees\/","title":{"rendered":"Collecte de donn\u00e9es"},"content":{"rendered":"<div class=\"wpb-content-wrapper\"><p>[vc_row][vc_column width=\u00a0\u00bb1\/1&Prime;]<script type=\"text\/javascript\">\n\/* <![CDATA[ *\/\nvar gform;gform||(document.addEventListener(\"gform_main_scripts_loaded\",function(){gform.scriptsLoaded=!0}),document.addEventListener(\"gform\/theme\/scripts_loaded\",function(){gform.themeScriptsLoaded=!0}),window.addEventListener(\"DOMContentLoaded\",function(){gform.domLoaded=!0}),gform={domLoaded:!1,scriptsLoaded:!1,themeScriptsLoaded:!1,isFormEditor:()=>\"function\"==typeof InitializeEditor,callIfLoaded:function(o){return!(!gform.domLoaded||!gform.scriptsLoaded||!gform.themeScriptsLoaded&&!gform.isFormEditor()||(gform.isFormEditor()&&console.warn(\"The use of gform.initializeOnLoaded() is deprecated in the form editor context and will be removed in Gravity Forms 3.1.\"),o(),0))},initializeOnLoaded:function(o){gform.callIfLoaded(o)||(document.addEventListener(\"gform_main_scripts_loaded\",()=>{gform.scriptsLoaded=!0,gform.callIfLoaded(o)}),document.addEventListener(\"gform\/theme\/scripts_loaded\",()=>{gform.themeScriptsLoaded=!0,gform.callIfLoaded(o)}),window.addEventListener(\"DOMContentLoaded\",()=>{gform.domLoaded=!0,gform.callIfLoaded(o)}))},hooks:{action:{},filter:{}},addAction:function(o,r,e,t){gform.addHook(\"action\",o,r,e,t)},addFilter:function(o,r,e,t){gform.addHook(\"filter\",o,r,e,t)},doAction:function(o){gform.doHook(\"action\",o,arguments)},applyFilters:function(o){return gform.doHook(\"filter\",o,arguments)},removeAction:function(o,r){gform.removeHook(\"action\",o,r)},removeFilter:function(o,r,e){gform.removeHook(\"filter\",o,r,e)},addHook:function(o,r,e,t,n){null==gform.hooks[o][r]&&(gform.hooks[o][r]=[]);var d=gform.hooks[o][r];null==n&&(n=r+\"_\"+d.length),gform.hooks[o][r].push({tag:n,callable:e,priority:t=null==t?10:t})},doHook:function(r,o,e){var t;if(e=Array.prototype.slice.call(e,1),null!=gform.hooks[r][o]&&((o=gform.hooks[r][o]).sort(function(o,r){return o.priority-r.priority}),o.forEach(function(o){\"function\"!=typeof(t=o.callable)&&(t=window[t]),\"action\"==r?t.apply(null,e):e[0]=t.apply(null,e)})),\"filter\"==r)return e[0]},removeHook:function(o,r,t,n){var e;null!=gform.hooks[o][r]&&(e=(e=gform.hooks[o][r]).filter(function(o,r,e){return!!(null!=n&&n!=o.tag||null!=t&&t!=o.priority)}),gform.hooks[o][r]=e)}});\n\/* ]]> *\/\n<\/script>\n\n                <div class='gf_browser_gecko gform_wrapper gravity-theme gform-theme--no-framework' data-form-theme='gravity-theme' data-form-index='0' id='gform_wrapper_20' ><form method='post' enctype='multipart\/form-data'  id='gform_20'  action='\/fr\/wp-json\/wp\/v2\/pages\/19056' data-formid='20' novalidate>\n                        <div class='gform-body gform_body'><div id='gform_fields_20' class='gform_fields top_label form_sublabel_below description_below validation_below'><div id=\"field_20_16\" class=\"gfield gfield--type-honeypot gform_validation_container field_sublabel_below gfield--has-description field_description_below field_validation_below gfield_visibility_visible\"  ><label class='gfield_label gform-field-label' for='input_20_16'>Facebook<\/label><div class='ginput_container'><input name='input_16' id='input_20_16' type='text' value='' autocomplete='new-password'\/><\/div><div class='gfield_description' id='gfield_description_20_16'>Ce champ n\u2019est utilis\u00e9 qu\u2019\u00e0 des fins de validation et devrait rester inchang\u00e9.<\/div><\/div><div id=\"field_20_1\" class=\"gfield gfield--type-text gfield--input-type-text gfield--width-half gfield_contains_required field_sublabel_below gfield--no-description field_description_below field_validation_below gfield_visibility_visible\"  ><label class='gfield_label gform-field-label' for='input_20_1'>Pr\u00e9nom<span class=\"gfield_required\"><span class=\"gfield_required gfield_required_text\">(N\u00e9cessaire)<\/span><\/span><\/label><div class='ginput_container ginput_container_text'><input name='input_1' id='input_20_1' type='text' value='' class='large'     aria-required=\"true\" aria-invalid=\"false\"   \/><\/div><\/div><div id=\"field_20_3\" class=\"gfield gfield--type-text gfield--input-type-text gfield--width-half gfield_contains_required field_sublabel_below gfield--no-description field_description_below field_validation_below gfield_visibility_visible\"  ><label class='gfield_label gform-field-label' for='input_20_3'>Nom<span class=\"gfield_required\"><span class=\"gfield_required gfield_required_text\">(N\u00e9cessaire)<\/span><\/span><\/label><div class='ginput_container ginput_container_text'><input name='input_3' id='input_20_3' type='text' value='' class='large'     aria-required=\"true\" aria-invalid=\"false\"   \/><\/div><\/div><div id=\"field_20_8\" class=\"gfield gfield--type-email gfield--input-type-email gfield--width-full gfield_contains_required field_sublabel_below gfield--no-description field_description_below field_validation_below gfield_visibility_visible\"  ><label class='gfield_label gform-field-label' for='input_20_8'>Email<span class=\"gfield_required\"><span class=\"gfield_required gfield_required_text\">(N\u00e9cessaire)<\/span><\/span><\/label><div class='ginput_container ginput_container_email'>\n                            <input name='input_8' id='input_20_8' type='email' value='' class='large'    aria-required=\"true\" aria-invalid=\"false\"  \/>\n                        <\/div><\/div><fieldset id=\"field_20_14\" class=\"gfield gfield--type-consent gfield--type-choice gfield--input-type-consent gfield--width-full gfield_contains_required field_sublabel_below gfield--no-description field_description_below field_validation_below gfield_visibility_visible\"  ><legend class='gfield_label gform-field-label gfield_label_before_complex' >Consentement<span class=\"gfield_required\"><span class=\"gfield_required gfield_required_text\">(N\u00e9cessaire)<\/span><\/span><\/legend><div class='ginput_container ginput_container_consent'><input name='input_14.1' id='input_20_14_1' type='checkbox' value='1'   aria-required=\"true\" aria-invalid=\"false\"   \/> <label class=\"gform-field-label gform-field-label--type-inline gfield_consent_label\" for='input_20_14_1' >Je d\u00e9clare avoir \u00e9t\u00e9 inform\u00e9(e) que des photos pourront \u00eatre prises et des vid\u00e9os r\u00e9alis\u00e9es pendant l\u2019\u00e9v\u00e9nement. J\u2019autorise l\u2019\u00e9ventuelle utilisation de mon image \u00e0 des fins d\u2019information et de promotion, renon\u00e7ant \u00e0 toute compensation ou revendication future.<\/label><input type='hidden' name='input_14.2' value='Je d\u00e9clare avoir \u00e9t\u00e9 inform\u00e9(e) que des photos pourront \u00eatre prises et des vid\u00e9os r\u00e9alis\u00e9es pendant l\u2019\u00e9v\u00e9nement. J\u2019autorise l\u2019\u00e9ventuelle utilisation de mon image \u00e0 des fins d\u2019information et de promotion, renon\u00e7ant \u00e0 toute compensation ou revendication future.' class='gform_hidden' \/><input type='hidden' name='input_14.3' value='17' class='gform_hidden' \/><\/div><\/fieldset><fieldset id=\"field_20_15\" class=\"gfield gfield--type-consent gfield--type-choice gfield--input-type-consent gfield--width-full gfield_contains_required field_sublabel_below gfield--no-description field_description_below field_validation_below gfield_visibility_visible\"  ><legend class='gfield_label gform-field-label gfield_label_before_complex' >Consentement du GDPR<span class=\"gfield_required\"><span class=\"gfield_required gfield_required_text\">(N\u00e9cessaire)<\/span><\/span><\/legend><div class='ginput_container ginput_container_consent'><input name='input_15.1' id='input_20_15_1' type='checkbox' value='1'   aria-required=\"true\" aria-invalid=\"false\"   \/> <label class=\"gform-field-label gform-field-label--type-inline gfield_consent_label\" for='input_20_15_1' >je d\u00e9clare avoir lu et accept\u00e9 la <a href=\"https:\/\/www.tokuyama-dental.it\/fr\/politique-de-confidentialite\/\" target=\"_blank\">politique de confidentialit\u00e9<\/a> de ce site.<\/label><input type='hidden' name='input_15.2' value='je d\u00e9clare avoir lu et accept\u00e9 la &lt;a href=&quot;https:\/\/www.tokuyama-dental.it\/fr\/politique-de-confidentialite\/&quot; target=&quot;_blank&quot;&gt;politique de confidentialit\u00e9&lt;\/a&gt; de ce site.' class='gform_hidden' \/><input type='hidden' name='input_15.3' value='17' class='gform_hidden' \/><\/div><\/fieldset><fieldset id=\"field_20_11\" class=\"gfield gfield--type-consent gfield--type-choice gfield--input-type-consent gfield--width-full gfield_contains_required field_sublabel_below gfield--no-description field_description_below field_validation_below gfield_visibility_visible\"  ><legend class='gfield_label gform-field-label gfield_label_before_complex' >Inscrivez-vous \u00e0 nostre bulletin d&#039;information<span class=\"gfield_required\"><span class=\"gfield_required gfield_required_text\">(N\u00e9cessaire)<\/span><\/span><\/legend><div class='ginput_container ginput_container_consent'><input name='input_11.1' id='input_20_11_1' type='checkbox' value='1'   aria-required=\"true\" aria-invalid=\"false\"   \/> <label class=\"gform-field-label gform-field-label--type-inline gfield_consent_label\" for='input_20_11_1' >je d\u00e9clare avoir lu et accept\u00e9 la <a href=\"https:\/\/www.tokuyama-dental.it\/wp-content\/uploads\/2023\/06\/Informativa-Direct-Mailing-Tokuyama_ENG-1.pdf\" target=\"_blank\">les informations sp\u00e9cifiques<\/a> \u00e0 la lettre d'information.<\/label><input type='hidden' name='input_11.2' value='je d\u00e9clare avoir lu et accept\u00e9 la &lt;a href=&quot;https:\/\/www.tokuyama-dental.it\/wp-content\/uploads\/2023\/06\/Informativa-Direct-Mailing-Tokuyama_ENG-1.pdf&quot; target=&quot;_blank&quot;&gt;les informations sp\u00e9cifiques&lt;\/a&gt; \u00e0 la lettre d&#039;information.' class='gform_hidden' \/><input type='hidden' name='input_11.3' value='17' class='gform_hidden' \/><\/div><\/fieldset><\/div><\/div>\n        <div class='gform-footer gform_footer top_label'> <input type='submit' id='gform_submit_button_20' class='gform_button button' onclick='gform.submission.handleButtonClick(this);' data-submission-type='submit' value='Envoyer'  \/> \n            <input type='hidden' class='gform_hidden' name='gform_submission_method' data-js='gform_submission_method_20' value='postback' \/>\n            <input type='hidden' class='gform_hidden' name='gform_theme' data-js='gform_theme_20' id='gform_theme_20' value='gravity-theme' \/>\n            <input type='hidden' class='gform_hidden' name='gform_style_settings' data-js='gform_style_settings_20' id='gform_style_settings_20' value='[]' \/>\n            <input type='hidden' class='gform_hidden' name='is_submit_20' value='1' \/>\n            <input type='hidden' class='gform_hidden' name='gform_submit' value='20' \/>\n            \n            <input type='hidden' class='gform_hidden' name='gform_currency' data-currency='USD' value='LnFAmzMcbCz8u7H2CXYolVhwlEXMIquhTjn6h9Jq+c6ILMrVafhhvZoKIq8A5osLyoyL1P2AvUfSXJNElbbupBQSQTnVdp1PY72FvXBZOIQkSxA=' \/>\n            <input type='hidden' class='gform_hidden' name='gform_unique_id' value='' \/>\n            <input type='hidden' class='gform_hidden' name='state_20' value='WyJ7XCIxNC4xXCI6XCI0NmFkYmE5NTdkYmNlZDdhMDk2OGNiNDgxZjBmZDRmNVwiLFwiMTQuMlwiOlwiNDM5ZGNiNGM3ZTBlODQ2MWVkODJiMmNmNWJiYjZkNTZcIixcIjE0LjNcIjpcImMxYTZkODc5MGY0MjE3NTY4ZmY0NzIwMTFiYTVjOWMxXCIsXCIxNS4xXCI6XCI0NmFkYmE5NTdkYmNlZDdhMDk2OGNiNDgxZjBmZDRmNVwiLFwiMTUuMlwiOlwiNzBkYzc4YWUwMmZmNjMxZjJhNTRjNmFiNjljOWM5MDJcIixcIjE1LjNcIjpcImMxYTZkODc5MGY0MjE3NTY4ZmY0NzIwMTFiYTVjOWMxXCIsXCIxMS4xXCI6XCI0NmFkYmE5NTdkYmNlZDdhMDk2OGNiNDgxZjBmZDRmNVwiLFwiMTEuMlwiOlwiM2NhZDk4OGU0YzgwNzQ5NTU4MTIzNTdiYzQ1ZGQ0MDBcIixcIjExLjNcIjpcImMxYTZkODc5MGY0MjE3NTY4ZmY0NzIwMTFiYTVjOWMxXCJ9IiwiNTVjNTUyNWZmMzIwMjRhMDI4YTVlNDY5NzRlMmI4YWYiXQ==' \/>\n            <input type='hidden' autocomplete='off' class='gform_hidden' name='gform_target_page_number_20' id='gform_target_page_number_20' value='0' \/>\n            <input type='hidden' autocomplete='off' class='gform_hidden' name='gform_source_page_number_20' id='gform_source_page_number_20' value='1' \/>\n            <input type='hidden' name='gform_field_values' value='' \/>\n            \n        <\/div>\n                        <\/form>\n                        <\/div><script type=\"text\/javascript\">\n\/* <![CDATA[ *\/\n gform.initializeOnLoaded( function() {gformInitSpinner( 20, 'https:\/\/www.tokuyama-dental.it\/wp-content\/plugins\/gravityforms\/images\/spinner.svg', true );jQuery('#gform_ajax_frame_20').on('load',function(){var contents = jQuery(this).contents().find('*').html();var is_postback = contents.indexOf('GF_AJAX_POSTBACK') >= 0;if(!is_postback){return;}var form_content = jQuery(this).contents().find('#gform_wrapper_20');var is_confirmation = jQuery(this).contents().find('#gform_confirmation_wrapper_20').length > 0;var is_redirect = contents.indexOf('gformRedirect(){') >= 0;var is_form = form_content.length > 0 && ! is_redirect && ! is_confirmation;var mt = parseInt(jQuery('html').css('margin-top'), 10) + parseInt(jQuery('body').css('margin-top'), 10) + 100;if(is_form){jQuery('#gform_wrapper_20').html(form_content.html());if(form_content.hasClass('gform_validation_error')){jQuery('#gform_wrapper_20').addClass('gform_validation_error');} else {jQuery('#gform_wrapper_20').removeClass('gform_validation_error');}setTimeout( function() { \/* delay the scroll by 50 milliseconds to fix a bug in chrome *\/  }, 50 );if(window['gformInitDatepicker']) {gformInitDatepicker();}if(window['gformInitPriceFields']) {gformInitPriceFields();}var current_page = jQuery('#gform_source_page_number_20').val();gformInitSpinner( 20, 'https:\/\/www.tokuyama-dental.it\/wp-content\/plugins\/gravityforms\/images\/spinner.svg', true );jQuery(document).trigger('gform_page_loaded', [20, current_page]);window['gf_submitting_20'] = false;}else if(!is_redirect){var confirmation_content = jQuery(this).contents().find('.GF_AJAX_POSTBACK').html();if(!confirmation_content){confirmation_content = contents;}jQuery('#gform_wrapper_20').replaceWith(confirmation_content);jQuery(document).trigger('gform_confirmation_loaded', [20]);window['gf_submitting_20'] = false;wp.a11y.speak(jQuery('#gform_confirmation_message_20').text());}else{jQuery('#gform_20').append(contents);if(window['gformRedirect']) {gformRedirect();}}jQuery(document).trigger(\"gform_pre_post_render\", [{ formId: \"20\", currentPage: \"current_page\", abort: function() { this.preventDefault(); } }]);        if (event && event.defaultPrevented) {                return;        }        const gformWrapperDiv = document.getElementById( \"gform_wrapper_20\" );        if ( gformWrapperDiv ) {            const visibilitySpan = document.createElement( \"span\" );            visibilitySpan.id = \"gform_visibility_test_20\";            gformWrapperDiv.insertAdjacentElement( \"afterend\", visibilitySpan );        }        const visibilityTestDiv = document.getElementById( \"gform_visibility_test_20\" );        let postRenderFired = false;        function triggerPostRender() {            if ( postRenderFired ) {                return;            }            postRenderFired = true;            gform.core.triggerPostRenderEvents( 20, current_page );            if ( visibilityTestDiv ) {                visibilityTestDiv.parentNode.removeChild( visibilityTestDiv );            }        }        function debounce( func, wait, immediate ) {            var timeout;            return function() {                var context = this, args = arguments;                var later = function() {                    timeout = null;                    if ( !immediate ) func.apply( context, args );                };                var callNow = immediate && !timeout;                clearTimeout( timeout );                timeout = setTimeout( later, wait );                if ( callNow ) func.apply( context, args );            };        }        const debouncedTriggerPostRender = debounce( function() {            triggerPostRender();        }, 200 );        if ( visibilityTestDiv && visibilityTestDiv.offsetParent === null ) {            const observer = new MutationObserver( ( mutations ) => {                mutations.forEach( ( mutation ) => {                    if ( mutation.type === 'attributes' && visibilityTestDiv.offsetParent !== null ) {                        debouncedTriggerPostRender();                        observer.disconnect();                    }                });            });            observer.observe( document.body, {                attributes: true,                childList: false,                subtree: true,                attributeFilter: [ 'style', 'class' ],            });        } else {            triggerPostRender();        }    } );} ); \n\/* ]]> *\/\n<\/script>\n[\/vc_column][\/vc_row]<\/p>\n<\/div>","protected":false},"excerpt":{"rendered":"<p>[vc_row][vc_column width=\u00a0\u00bb1\/1&Prime;][\/vc_column][\/vc_row]<\/p>\n","protected":false},"author":2,"featured_media":0,"parent":0,"menu_order":0,"comment_status":"closed","ping_status":"closed","template":"","meta":{"_acf_changed":false,"footnotes":""},"class_list":["post-19056","page","type-page","status-publish","hentry"],"acf":[],"yoast_head":"<!-- This site is optimized with the Yoast SEO plugin v27.5 - https:\/\/yoast.com\/product\/yoast-seo-wordpress\/ -->\n<title>Collecte de donn\u00e9es - Tokuyama Dental<\/title>\n<meta name=\"robots\" content=\"index, follow, max-snippet:-1, max-image-preview:large, max-video-preview:-1\" \/>\n<link rel=\"canonical\" href=\"https:\/\/www.tokuyama-dental.it\/fr\/collecte-de-donnees\/\" \/>\n<meta property=\"og:locale\" content=\"fr_FR\" \/>\n<meta property=\"og:type\" content=\"article\" \/>\n<meta property=\"og:title\" content=\"Collecte de donn\u00e9es - Tokuyama Dental\" \/>\n<meta property=\"og:description\" content=\"[vc_row][vc_column width=\u00a0\u00bb1\/1&Prime;][\/vc_column][\/vc_row]\" \/>\n<meta property=\"og:url\" content=\"https:\/\/www.tokuyama-dental.it\/fr\/collecte-de-donnees\/\" \/>\n<meta property=\"og:site_name\" content=\"Tokuyama Dental\" \/>\n<meta name=\"twitter:card\" content=\"summary_large_image\" \/>\n<meta name=\"twitter:label1\" content=\"Dur\u00e9e de lecture estim\u00e9e\" \/>\n\t<meta name=\"twitter:data1\" content=\"1 minute\" \/>\n<script type=\"application\/ld+json\" class=\"yoast-schema-graph\">{\"@context\":\"https:\\\/\\\/schema.org\",\"@graph\":[{\"@type\":\"WebPage\",\"@id\":\"https:\\\/\\\/www.tokuyama-dental.it\\\/fr\\\/collecte-de-donnees\\\/\",\"url\":\"https:\\\/\\\/www.tokuyama-dental.it\\\/fr\\\/collecte-de-donnees\\\/\",\"name\":\"Collecte de donn\u00e9es - Tokuyama Dental\",\"isPartOf\":{\"@id\":\"https:\\\/\\\/www.tokuyama-dental.it\\\/#website\"},\"datePublished\":\"2025-03-14T14:48:49+00:00\",\"breadcrumb\":{\"@id\":\"https:\\\/\\\/www.tokuyama-dental.it\\\/fr\\\/collecte-de-donnees\\\/#breadcrumb\"},\"inLanguage\":\"fr-FR\",\"potentialAction\":[{\"@type\":\"ReadAction\",\"target\":[\"https:\\\/\\\/www.tokuyama-dental.it\\\/fr\\\/collecte-de-donnees\\\/\"]}]},{\"@type\":\"BreadcrumbList\",\"@id\":\"https:\\\/\\\/www.tokuyama-dental.it\\\/fr\\\/collecte-de-donnees\\\/#breadcrumb\",\"itemListElement\":[{\"@type\":\"ListItem\",\"position\":1,\"name\":\"Home\",\"item\":\"https:\\\/\\\/www.tokuyama-dental.it\\\/fr\\\/\"},{\"@type\":\"ListItem\",\"position\":2,\"name\":\"Collecte de donn\u00e9es\"}]},{\"@type\":\"WebSite\",\"@id\":\"https:\\\/\\\/www.tokuyama-dental.it\\\/#website\",\"url\":\"https:\\\/\\\/www.tokuyama-dental.it\\\/\",\"name\":\"Tokuyama Dental\",\"description\":\"\",\"publisher\":{\"@id\":\"https:\\\/\\\/www.tokuyama-dental.it\\\/#organization\"},\"potentialAction\":[{\"@type\":\"SearchAction\",\"target\":{\"@type\":\"EntryPoint\",\"urlTemplate\":\"https:\\\/\\\/www.tokuyama-dental.it\\\/?s={search_term_string}\"},\"query-input\":{\"@type\":\"PropertyValueSpecification\",\"valueRequired\":true,\"valueName\":\"search_term_string\"}}],\"inLanguage\":\"fr-FR\"},{\"@type\":\"Organization\",\"@id\":\"https:\\\/\\\/www.tokuyama-dental.it\\\/#organization\",\"name\":\"Tokuyama Dental\",\"url\":\"https:\\\/\\\/www.tokuyama-dental.it\\\/\",\"logo\":{\"@type\":\"ImageObject\",\"inLanguage\":\"fr-FR\",\"@id\":\"https:\\\/\\\/www.tokuyama-dental.it\\\/#\\\/schema\\\/logo\\\/image\\\/\",\"url\":\"https:\\\/\\\/www.tokuyama-dental.it\\\/wp-content\\\/uploads\\\/2020\\\/09\\\/log_toku.png\",\"contentUrl\":\"https:\\\/\\\/www.tokuyama-dental.it\\\/wp-content\\\/uploads\\\/2020\\\/09\\\/log_toku.png\",\"width\":249,\"height\":40,\"caption\":\"Tokuyama Dental\"},\"image\":{\"@id\":\"https:\\\/\\\/www.tokuyama-dental.it\\\/#\\\/schema\\\/logo\\\/image\\\/\"}}]}<\/script>\n<!-- \/ Yoast SEO plugin. -->","yoast_head_json":{"title":"Collecte de donn\u00e9es - Tokuyama Dental","robots":{"index":"index","follow":"follow","max-snippet":"max-snippet:-1","max-image-preview":"max-image-preview:large","max-video-preview":"max-video-preview:-1"},"canonical":"https:\/\/www.tokuyama-dental.it\/fr\/collecte-de-donnees\/","og_locale":"fr_FR","og_type":"article","og_title":"Collecte de donn\u00e9es - Tokuyama Dental","og_description":"[vc_row][vc_column width=\u00a0\u00bb1\/1&Prime;][\/vc_column][\/vc_row]","og_url":"https:\/\/www.tokuyama-dental.it\/fr\/collecte-de-donnees\/","og_site_name":"Tokuyama Dental","twitter_card":"summary_large_image","twitter_misc":{"Dur\u00e9e de lecture estim\u00e9e":"1 minute"},"schema":{"@context":"https:\/\/schema.org","@graph":[{"@type":"WebPage","@id":"https:\/\/www.tokuyama-dental.it\/fr\/collecte-de-donnees\/","url":"https:\/\/www.tokuyama-dental.it\/fr\/collecte-de-donnees\/","name":"Collecte de donn\u00e9es - Tokuyama Dental","isPartOf":{"@id":"https:\/\/www.tokuyama-dental.it\/#website"},"datePublished":"2025-03-14T14:48:49+00:00","breadcrumb":{"@id":"https:\/\/www.tokuyama-dental.it\/fr\/collecte-de-donnees\/#breadcrumb"},"inLanguage":"fr-FR","potentialAction":[{"@type":"ReadAction","target":["https:\/\/www.tokuyama-dental.it\/fr\/collecte-de-donnees\/"]}]},{"@type":"BreadcrumbList","@id":"https:\/\/www.tokuyama-dental.it\/fr\/collecte-de-donnees\/#breadcrumb","itemListElement":[{"@type":"ListItem","position":1,"name":"Home","item":"https:\/\/www.tokuyama-dental.it\/fr\/"},{"@type":"ListItem","position":2,"name":"Collecte de donn\u00e9es"}]},{"@type":"WebSite","@id":"https:\/\/www.tokuyama-dental.it\/#website","url":"https:\/\/www.tokuyama-dental.it\/","name":"Tokuyama Dental","description":"","publisher":{"@id":"https:\/\/www.tokuyama-dental.it\/#organization"},"potentialAction":[{"@type":"SearchAction","target":{"@type":"EntryPoint","urlTemplate":"https:\/\/www.tokuyama-dental.it\/?s={search_term_string}"},"query-input":{"@type":"PropertyValueSpecification","valueRequired":true,"valueName":"search_term_string"}}],"inLanguage":"fr-FR"},{"@type":"Organization","@id":"https:\/\/www.tokuyama-dental.it\/#organization","name":"Tokuyama Dental","url":"https:\/\/www.tokuyama-dental.it\/","logo":{"@type":"ImageObject","inLanguage":"fr-FR","@id":"https:\/\/www.tokuyama-dental.it\/#\/schema\/logo\/image\/","url":"https:\/\/www.tokuyama-dental.it\/wp-content\/uploads\/2020\/09\/log_toku.png","contentUrl":"https:\/\/www.tokuyama-dental.it\/wp-content\/uploads\/2020\/09\/log_toku.png","width":249,"height":40,"caption":"Tokuyama Dental"},"image":{"@id":"https:\/\/www.tokuyama-dental.it\/#\/schema\/logo\/image\/"}}]}},"_links":{"self":[{"href":"https:\/\/www.tokuyama-dental.it\/fr\/wp-json\/wp\/v2\/pages\/19056","targetHints":{"allow":["GET"]}}],"collection":[{"href":"https:\/\/www.tokuyama-dental.it\/fr\/wp-json\/wp\/v2\/pages"}],"about":[{"href":"https:\/\/www.tokuyama-dental.it\/fr\/wp-json\/wp\/v2\/types\/page"}],"author":[{"embeddable":true,"href":"https:\/\/www.tokuyama-dental.it\/fr\/wp-json\/wp\/v2\/users\/2"}],"replies":[{"embeddable":true,"href":"https:\/\/www.tokuyama-dental.it\/fr\/wp-json\/wp\/v2\/comments?post=19056"}],"version-history":[{"count":1,"href":"https:\/\/www.tokuyama-dental.it\/fr\/wp-json\/wp\/v2\/pages\/19056\/revisions"}],"predecessor-version":[{"id":19057,"href":"https:\/\/www.tokuyama-dental.it\/fr\/wp-json\/wp\/v2\/pages\/19056\/revisions\/19057"}],"wp:attachment":[{"href":"https:\/\/www.tokuyama-dental.it\/fr\/wp-json\/wp\/v2\/media?parent=19056"}],"curies":[{"name":"wp","href":"https:\/\/api.w.org\/{rel}","templated":true}]}}